{"id":667,"date":"2025-07-19T09:00:49","date_gmt":"2025-07-19T13:00:49","guid":{"rendered":"https:\/\/impactm10.com\/?page_id=667"},"modified":"2025-07-19T13:42:05","modified_gmt":"2025-07-19T17:42:05","slug":"a-propos-dimpact-m10","status":"publish","type":"page","link":"https:\/\/swiftntech.com\/viewproject\/impactm10\/a-propos-dimpact-m10\/","title":{"rendered":"\u00c0 propos d&#8217;Impact M\u00b9\u2070"},"content":{"rendered":"<div class=\"bde-globalblock-667-157 bde-globalblock\"><section class=\"bde-section-681-100-681-1 bde-section bde-section-681-100\">\n              \n  \n  \n\t\n\n  <div class=\"section-background-overlay\"><\/div>\n\n\n<div class=\"section-container\"><h1 class=\"bde-heading-681-101-681-1 bde-heading bde-heading-681-101\">\n\u00c0 propos d&#8217;Impact M\u00b9\u2070\n<\/h1><div class=\"bde-shortcode-681-102-681-1 bde-shortcode bde-shortcode-681-102\"><div class=\"aioseo-breadcrumbs\"><span class=\"aioseo-breadcrumb\">\n\t\t\tAccueil\n\t\t<\/span><\/div><\/div><\/div>\n<\/section><\/div><section class=\"bde-section-667-131 bde-section\">\n              \n  \n  \n\t\n\n\n\n<div class=\"section-container\"><div class=\"bde-columns-667-132 bde-columns\"><div class=\"bde-column-667-133 bde-column\">\n  \n  \n\t\n\n\n\n<h2 class=\"bde-heading-667-134 bde-heading\">\nCe qui nous anime\n<\/h2><div class=\"bde-rich-text-667-135 bde-rich-text breakdance-rich-text-styles\">\n<p><span style=\"font-weight: 400;\">Chez Impact M\u00b9\u2070, chaque intervention vise un changement r\u00e9el, v\u00e9cu, mesurable. Loin des formations g\u00e9n\u00e9riques ou des approches d\u00e9connect\u00e9es du terrain, notre mission est simple\u202f:<\/span><\/p>\n<\/div><h4 class=\"bde-heading-667-136 bde-heading\">\nOutiller les gestionnaires pour qu\u2019ils puissent enfin jouer leur r\u00f4le avec assurance, efficacit\u00e9 et intelligence humaine.\n<\/h4><div class=\"bde-rich-text-667-153 bde-rich-text breakdance-rich-text-styles\">\n<p><span style=\"font-weight: 400;\">Parce qu\u2019un gestionnaire bien accompagn\u00e9, c\u2019est un leader qui mobilise, un climat qui s\u2019apaise, une organisation qui respire\u2026 et qui avance.<\/span><\/p>\n<\/div>\n<\/div><div class=\"bde-column-667-137 bde-column\">\n  \n  \n\t\n\n\n\n<style>.breakdance .bde-div-667-138{background-image:url(https:\/\/swiftntech.com\/viewproject\/impactm10\/wp-content\/uploads\/2025\/06\/Formation-pour-gestionnaire-dequipe-2.jpg)}.breakdance .bde-div-667-138>*{z-index:1}.breakdance .bde-div-667-138>.section-background-overlay{z-index:0}.breakdance .bde-div-667-138>.section-background-overlay{background-color:var(--bde-palette-bleu-6de2104c-0299-4f08-a5b5-47bf1ba7bed6-2);transition:background-color var(--bde-transition-duration) ease-in-out}.breakdance .bde-div-667-138{overflow:hidden}.breakdance .bde-div-667-138>.section-background-overlay{opacity:0.7}<\/style><div class=\"bde-div-667-138 bde-div\">\n              \n  \n  \n\t\n\n  <div class=\"section-background-overlay\"><\/div>\n\n\n<div class=\"bde-masker-667-139 bde-masker\"><img decoding=\"async\" class=\"bde-image2-667-140 bde-image2\" src=\"https:\/\/swiftntech.com\/viewproject\/impactm10\/wp-content\/uploads\/2025\/06\/Formation-pour-gestionnaire-dequipe-2.jpg\" alt=\"Formation pour gestionnaire d&#039;\u00e9quipe\" loading=\"lazy\" srcset=\"https:\/\/swiftntech.com\/viewproject\/impactm10\/wp-content\/uploads\/2025\/06\/Formation-pour-gestionnaire-dequipe-2.jpg 2121w, https:\/\/swiftntech.com\/viewproject\/impactm10\/wp-content\/uploads\/2025\/06\/Formation-pour-gestionnaire-dequipe-2-300x200.jpg 300w, https:\/\/swiftntech.com\/viewproject\/impactm10\/wp-content\/uploads\/2025\/06\/Formation-pour-gestionnaire-dequipe-2-1024x683.jpg 1024w, https:\/\/swiftntech.com\/viewproject\/impactm10\/wp-content\/uploads\/2025\/06\/Formation-pour-gestionnaire-dequipe-2-768x512.jpg 768w, https:\/\/swiftntech.com\/viewproject\/impactm10\/wp-content\/uploads\/2025\/06\/Formation-pour-gestionnaire-dequipe-2-1536x1024.jpg 1536w, https:\/\/swiftntech.com\/viewproject\/impactm10\/wp-content\/uploads\/2025\/06\/Formation-pour-gestionnaire-dequipe-2-2048x1365.jpg 2048w\" sizes=\"(max-width: 2121px) 100vw, 2121px\">\r\n<\/div>\n<\/div>\n<\/div><\/div><\/div>\n<\/section><section class=\"bde-section-667-154 bde-section\">\n              \n  \n  \n\t\n\n\n\n<div class=\"section-container\"><div class=\"bde-text-667-156 bde-text\">\nMoins de gestion improvis\u00e9e. Plus d\u2019Impact durable.\n<\/div><\/div>\n<\/section><section class=\"bde-section-667-166 bde-section\">\n              \n  \n  \n\t\n\n\n\n<div class=\"section-container\"><div class=\"bde-columns-667-176 bde-columns\"><div class=\"bde-column-667-177 bde-column\">\n  \n  \n\t\n\n\n\n<img decoding=\"async\" class=\"bde-image2-667-189 bde-image2\" src=\"https:\/\/swiftntech.com\/viewproject\/impactm10\/wp-content\/uploads\/2025\/05\/M10-shape-2-bleu.png\" loading=\"lazy\" srcset=\"https:\/\/swiftntech.com\/viewproject\/impactm10\/wp-content\/uploads\/2025\/05\/M10-shape-2-bleu.png 767w, https:\/\/swiftntech.com\/viewproject\/impactm10\/wp-content\/uploads\/2025\/05\/M10-shape-2-bleu-211x300.png 211w, https:\/\/swiftntech.com\/viewproject\/impactm10\/wp-content\/uploads\/2025\/05\/M10-shape-2-bleu-720x1024.png 720w\" sizes=\"(max-width: 767px) 100vw, 767px\">\n<\/div><div class=\"bde-column-667-181 bde-column\">\n  \n  \n\t\n\n\n\n<h2 class=\"bde-heading-667-187 bde-heading\">\nUne histoire de gestion qui d\u00e9coule de l\u2019exp\u00e9rience terrain\n<\/h2><div class=\"bde-rich-text-667-188 bde-rich-text breakdance-rich-text-styles\">\n<p><b>Les gestionnaires de proximit\u00e9 sont souvent coinc\u00e9s dans l\u2019effet sandwich\u00a0:<\/b><\/p>\n<h3><b>Ils doivent r\u00e9pondre aux attentes de la direction\u2026 tout en g\u00e9rant les r\u00e9alit\u00e9s humaines du quotidien.<\/b><\/h3>\n<p>Les gestionnaire de proximit\u00e9s doivent r\u00e9pondre aux attentes de la direction, tout en g\u00e9rant les r\u00e9alit\u00e9s humaines de leur quotidien. Les dirigeants manquent souvent de temps pour \u00eatre \u00e0 leurs c\u00f4t\u00e9s. Parfois, ils ne savent tout simplement pas par o\u00f9 commencer.<\/p>\n<p><span style=\"font-weight: 400;\">Impact M\u00b9\u2070 intervient <\/span><b>exactement \u00e0 cet endroit n\u00e9vralgique<\/b><span style=\"font-weight: 400;\">.<\/span><\/p>\n<p><span style=\"font-weight: 400;\">Nous ne travaillons pas sur des mod\u00e8les abstraits, mais dans la vraie vie. Dans les moments de tension. Les d\u00e9cisions malaisantes. Les conversations qu\u2019on repousse. C\u2019est l\u00e0 que tout se joue. Et c\u2019est l\u00e0 o\u00f9 nous intervenons.<\/span><\/p>\n<p><span style=\"font-weight: 400;\">Chaque accompagnement est taill\u00e9 sur mesure pour transformer les r\u00e9flexes de gestion dans l\u2019action, avec finesse, lucidit\u00e9 et <strong>Impact<\/strong>.<\/span><\/p>\n<p><strong>Le but\u202f? Outiller les gestionnaires de fa\u00e7on concr\u00e8te pour qu\u2019ils se tiennent debout pour eux, pour leurs \u00e9quipes, et pour l\u2019organisation.<\/strong><\/p>\n<\/div>\n<\/div><\/div><\/div>\n<\/section><section class=\"bde-section-667-191 bde-section\">\n              \n  \n  \n\t\n\n\n\n<div class=\"section-container\"><h2 class=\"bde-heading-667-195 bde-heading\">\nQue signifie M\u00b9\u2070?\n<\/h2><div class=\"bde-div-667-199 bde-div\">\n  \n  \n\t\n\n\n\n<img decoding=\"async\" class=\"bde-image2-667-196 bde-image2\" src=\"https:\/\/swiftntech.com\/viewproject\/impactm10\/wp-content\/uploads\/2025\/07\/M.png\" loading=\"lazy\" srcset=\"https:\/\/swiftntech.com\/viewproject\/impactm10\/wp-content\/uploads\/2025\/07\/M.png 767w, https:\/\/swiftntech.com\/viewproject\/impactm10\/wp-content\/uploads\/2025\/07\/M-232x300.png 232w\" sizes=\"(max-width: 767px) 100vw, 767px\"><h3 class=\"bde-heading-667-205 bde-heading\">\nM pour Management. Managers. M\u00e9thode.\n<\/h3>\n<\/div><div class=\"bde-div-667-200 bde-div\">\n  \n  \n\t\n\n\n\n<img decoding=\"async\" class=\"bde-image2-667-226 bde-image2\" src=\"https:\/\/swiftntech.com\/viewproject\/impactm10\/wp-content\/uploads\/2025\/05\/10.png\" loading=\"lazy\" srcset=\"https:\/\/swiftntech.com\/viewproject\/impactm10\/wp-content\/uploads\/2025\/05\/10.png 1746w, https:\/\/swiftntech.com\/viewproject\/impactm10\/wp-content\/uploads\/2025\/05\/10-300x186.png 300w, https:\/\/swiftntech.com\/viewproject\/impactm10\/wp-content\/uploads\/2025\/05\/10-1024x633.png 1024w, https:\/\/swiftntech.com\/viewproject\/impactm10\/wp-content\/uploads\/2025\/05\/10-768x475.png 768w, https:\/\/swiftntech.com\/viewproject\/impactm10\/wp-content\/uploads\/2025\/05\/10-1536x950.png 1536w\" sizes=\"(max-width: 1746px) 100vw, 1746px\"><div class=\"bde-div-667-204 bde-div\">\n  \n  \n\t\n\n\n\n<h3 class=\"bde-heading-667-206 bde-heading\">\n10 pour l\u2019Impact exponentiel d\u2019un gestionnaire.\n<\/h3><div class=\"bde-rich-text-667-203 bde-rich-text breakdance-rich-text-styles\">\n<p><strong>Lorsqu\u2019un gestionnaire est bien accompagn\u00e9,<\/strong> il d\u00e9veloppe une posture claire, mobilisante et align\u00e9e. Peu \u00e0 peu, les d\u00e9cisions deviennent plus coh\u00e9rentes, les relations plus saines, l\u2019\u00e9quipe plus stable et productive.<\/p>\n<p><strong>Mais lorsqu\u2019il est laiss\u00e9 seul \u00e0 improviser,<\/strong> les effets s\u2019installent lentement : climat tendu, d\u00e9mobilisation, perte des meilleurs talents, et une direction qui s\u2019\u00e9puise \u00e0 \u00e9teindre des feux.<\/p>\n<\/div>\n<\/div><img decoding=\"async\" class=\"bde-image2-667-201 bde-image2\" src=\"https:\/\/swiftntech.com\/viewproject\/impactm10\/wp-content\/uploads\/2025\/05\/10.png\" loading=\"lazy\" srcset=\"https:\/\/swiftntech.com\/viewproject\/impactm10\/wp-content\/uploads\/2025\/05\/10.png 1746w, https:\/\/swiftntech.com\/viewproject\/impactm10\/wp-content\/uploads\/2025\/05\/10-300x186.png 300w, https:\/\/swiftntech.com\/viewproject\/impactm10\/wp-content\/uploads\/2025\/05\/10-1024x633.png 1024w, https:\/\/swiftntech.com\/viewproject\/impactm10\/wp-content\/uploads\/2025\/05\/10-768x475.png 768w, https:\/\/swiftntech.com\/viewproject\/impactm10\/wp-content\/uploads\/2025\/05\/10-1536x950.png 1536w\" sizes=\"(max-width: 1746px) 100vw, 1746px\">\n<\/div><\/div>\n<\/section><section class=\"bde-section-667-227 bde-section\">\n  \n  \n\t\n\n\n\n<div class=\"section-container\"><div class=\"bde-columns-667-228 bde-columns\"><div class=\"bde-column-667-229 bde-column\">\n              \n  \n  \n\t\n\n  <div class=\"section-background-overlay\"><\/div>\n\n\n<h2 class=\"bde-heading-667-230 bde-heading\">\nImpact M<sup>10<\/sup>, ce n\u2019est pas qu'une approche, c\u2019est aussi une \u00e9quipe.\n<\/h2>\n<\/div><div class=\"bde-column-667-231 bde-column\">\n  \n  \n\t\n\n\n\n<div class=\"bde-text-667-232 bde-text\">\nUne force collective form\u00e9e de professionnels rigoureux, s\u00e9lectionn\u00e9s pour leur posture, leur exp\u00e9rience terrain et leur capacit\u00e9 \u00e0 faire vivre l\u2019Impact dans le r\u00e9el.\n<\/div>\n<\/div><\/div><\/div>\n<\/section><section class=\"bde-section-667-208 bde-section\">\n  \n  \n\t\n\n\n\n<div class=\"section-container\"><div class=\"bde-columns-667-209 bde-columns\"><div class=\"bde-column-667-210 bde-column\">\n  \n  \n\t\n\n\n\n<img decoding=\"async\" class=\"bde-image2-667-211 bde-image2\" src=\"https:\/\/swiftntech.com\/viewproject\/impactm10\/wp-content\/uploads\/2025\/06\/CHARBONNEAUETCIE-144-scaled.jpg\" loading=\"lazy\" srcset=\"https:\/\/swiftntech.com\/viewproject\/impactm10\/wp-content\/uploads\/2025\/06\/CHARBONNEAUETCIE-144-scaled.jpg 1666w, https:\/\/swiftntech.com\/viewproject\/impactm10\/wp-content\/uploads\/2025\/06\/CHARBONNEAUETCIE-144-195x300.jpg 195w, https:\/\/swiftntech.com\/viewproject\/impactm10\/wp-content\/uploads\/2025\/06\/CHARBONNEAUETCIE-144-667x1024.jpg 667w, https:\/\/swiftntech.com\/viewproject\/impactm10\/wp-content\/uploads\/2025\/06\/CHARBONNEAUETCIE-144-768x1180.jpg 768w, https:\/\/swiftntech.com\/viewproject\/impactm10\/wp-content\/uploads\/2025\/06\/CHARBONNEAUETCIE-144-1000x1536.jpg 1000w, https:\/\/swiftntech.com\/viewproject\/impactm10\/wp-content\/uploads\/2025\/06\/CHARBONNEAUETCIE-144-1333x2048.jpg 1333w\" sizes=\"(max-width: 1666px) 100vw, 1666px\"><div class=\"bde-div-667-212 bde-div\">\n  \n  \n\t\n\n\n\n<div class=\"bde-text-667-213 bde-text\">\nEmilie Charbonneau\n<\/div><div class=\"bde-text-667-214 bde-text\">\nFondatrice d'Impact&nbsp;M<sup>10<\/sup>\n<\/div>\n<\/div>\n<\/div><div class=\"bde-column-667-215 bde-column\">\n  \n  \n\t\n\n\n\n<h2 class=\"bde-heading-667-216 bde-heading\">\nQui est derri\u00e8re Impact&nbsp;M\u00b9\u2070?\n<\/h2><div class=\"bde-rich-text-667-217 bde-rich-text breakdance-rich-text-styles\">\n<p><span style=\"font-weight: 400;\">Fond\u00e9e par Emilie Charbonneau, Impact M\u00b9\u2070 est n\u00e9e de plus de 15 ans de collaboration avec des dirigeants et des gestionnaires issus de milieux exigeants : startups en croissance, PME traditionnelles, OBNL en surcharge, ...<\/span><\/p>\n<p><b>Emilie a toujours occup\u00e9 un r\u00f4le-pont<\/b><span style=\"font-weight: 400;\"> : entre la haute direction et les \u00e9quipes, entre la vision strat\u00e9gique et la r\u00e9alit\u00e9 du terrain.<\/span><\/p>\n<p><span style=\"font-weight: 400;\">Ce qui revient toujours\u202f? Le gestionnaire mal outill\u00e9, trop seul, qu\u2019on esp\u00e8re performant\u2026 sans jamais lui offrir les moyens de l\u2019\u00eatre.<\/span><\/p>\n<p><span style=\"font-weight: 400;\">Aujourd\u2019hui, Impact M\u00b9\u2070 existe pour changer \u00e7a.<\/span><\/p>\n<\/div><div class=\"bde-div-667-218 bde-div\">\n  \n  \n\t\n\n\n\n<div class=\"bde-text-667-219 bde-text\">\nEmilie Charbonneau\n<\/div><div class=\"bde-text-667-220 bde-text\">\nFondatrice d'Impact&nbsp;M<sup>10<\/sup>\n<\/div>\n<\/div>\n<\/div><\/div><\/div>\n<\/section><section class=\"bde-section-667-222 bde-section\">\n              \n  \n  \n\t\n\n\n\n<div class=\"section-container\"><div class=\"bde-text-667-223 bde-text\">\nVotre organisation m\u00e9rite mieux que des formations oubli\u00e9es apr\u00e8s deux semaines\u2026\n<\/div><div class=\"bde-text-667-224 bde-text\">\nPrenez rendez-vous pour une rencontre exploratoire.\n<\/div><div class=\"bde-button-667-225 bde-button\">\n    \n                                    \n    \n    \n    \n    \n            \n                    \n            \n            \n\n    \n    \n    \n    \n    \n    <a class=\"breakdance-link button-atom button-atom--primary bde-button__button\" href=\"https:\/\/swiftntech.com\/viewproject\/impactm10\/rencontre-exploratoire\" target=\"_self\" data-type=\"url\"  >\n\n    \n        <span class=\"button-atom__text\">Prendre rendez-vous<\/span>\n\n        \n        \n                <\/a>\n\n    \n\n\n<\/div><\/div>\n<\/section>","protected":false},"excerpt":{"rendered":"<p>\u00c0 propos d&#8217;Impact M\u00b9\u2070 Accueil Ce qui nous anime Chez Impact M\u00b9\u2070, chaque intervention vise un changement r\u00e9el, v\u00e9cu, mesurable. Loin des formations g\u00e9n\u00e9riques ou des approches d\u00e9connect\u00e9es du terrain, notre mission est simple\u202f: Outiller les gestionnaires pour qu\u2019ils puissent enfin jouer leur r\u00f4le avec assurance, efficacit\u00e9 et intelligence humaine. Parce qu\u2019un gestionnaire bien accompagn\u00e9, [&hellip;]<\/p>\n","protected":false},"author":2,"featured_media":460,"parent":0,"menu_order":0,"comment_status":"closed","ping_status":"closed","template":"","meta":{"_acf_changed":false,"_breakdance_hide_in_design_set":false,"_breakdance_tags":"","footnotes":""},"class_list":["post-667","page","type-page","status-publish","has-post-thumbnail","hentry"],"acf":[],"aioseo_notices":[],"_links":{"self":[{"href":"https:\/\/swiftntech.com\/viewproject\/impactm10\/wp-json\/wp\/v2\/pages\/667","targetHints":{"allow":["GET"]}}],"collection":[{"href":"https:\/\/swiftntech.com\/viewproject\/impactm10\/wp-json\/wp\/v2\/pages"}],"about":[{"href":"https:\/\/swiftntech.com\/viewproject\/impactm10\/wp-json\/wp\/v2\/types\/page"}],"author":[{"embeddable":true,"href":"https:\/\/swiftntech.com\/viewproject\/impactm10\/wp-json\/wp\/v2\/users\/2"}],"replies":[{"embeddable":true,"href":"https:\/\/swiftntech.com\/viewproject\/impactm10\/wp-json\/wp\/v2\/comments?post=667"}],"version-history":[{"count":30,"href":"https:\/\/swiftntech.com\/viewproject\/impactm10\/wp-json\/wp\/v2\/pages\/667\/revisions"}],"predecessor-version":[{"id":707,"href":"https:\/\/swiftntech.com\/viewproject\/impactm10\/wp-json\/wp\/v2\/pages\/667\/revisions\/707"}],"wp:featuredmedia":[{"embeddable":true,"href":"https:\/\/swiftntech.com\/viewproject\/impactm10\/wp-json\/wp\/v2\/media\/460"}],"wp:attachment":[{"href":"https:\/\/swiftntech.com\/viewproject\/impactm10\/wp-json\/wp\/v2\/media?parent=667"}],"curies":[{"name":"wp","href":"https:\/\/api.w.org\/{rel}","templated":true}]}}